{"id":987498916,"date":"2018-07-10T03:16:08","date_gmt":"2018-07-10T03:16:08","guid":{"rendered":"https:\/\/propaper.de\/a-propos-de-nous\/"},"modified":"2023-03-28T05:43:15","modified_gmt":"2023-03-28T05:43:15","slug":"a-propos-de-nous","status":"publish","type":"page","link":"https:\/\/propaper.de\/fr\/a-propos-de-nous\/","title":{"rendered":"\u00c0 propos de nous"},"content":{"rendered":"<p>[et_pb_section fb_built=\u00a0\u00bb1&Prime; custom_padding_last_edited=\u00a0\u00bbon|desktop\u00a0\u00bb next_background_color=\u00a0\u00bb#ffffff\u00a0\u00bb admin_label=\u00a0\u00bbAbout Page Header Section\u00a0\u00bb module_class=\u00a0\u00bbpa-overlay\u00a0\u00bb _builder_version=\u00a0\u00bb4.19.5&Prime; use_background_color_gradient=\u00a0\u00bbon\u00a0\u00bb background_color_gradient_stops=\u00a0\u00bbrgba(0,0,0,0.5) 0%|rgba(0,0,0,0.7) 100%\u00a0\u00bb background_color_gradient_start=\u00a0\u00bbrgba(0,0,0,0.5)\u00a0\u00bb background_color_gradient_end=\u00a0\u00bbrgba(0,0,0,0.7)\u00a0\u00bb background_image=\u00a0\u00bbhttps:\/\/propaper.de\/wp-content\/uploads\/2022\/03\/Propap058.jpg\u00a0\u00bb custom_margin=\u00a0\u00bb-110px||||false|false\u00a0\u00bb custom_margin_tablet=\u00a0\u00bb-110px||||false|false\u00a0\u00bb custom_margin_phone=\u00a0\u00bb-110px||||false|false\u00a0\u00bb custom_margin_last_edited=\u00a0\u00bbon|phone\u00a0\u00bb custom_padding=\u00a0\u00bb210px||180px||false|false\u00a0\u00bb custom_padding_tablet=\u00a0\u00bb200px||60px||false|false\u00a0\u00bb custom_padding_phone=\u00a0\u00bb200px||100px||false|false\u00a0\u00bb top_divider_color=\u00a0\u00bb#1b273d\u00a0\u00bb bottom_divider_style=\u00a0\u00bbasymmetric\u00a0\u00bb bottom_divider_height_tablet=\u00a0\u00bb75px\u00a0\u00bb bottom_divider_height_phone=\u00a0\u00bb60px\u00a0\u00bb bottom_divider_height_last_edited=\u00a0\u00bbon|tablet\u00a0\u00bb global_colors_info=\u00a0\u00bb{}\u00a0\u00bb][et_pb_row column_structure=\u00a0\u00bb2_3,1_3&Prime; custom_padding_last_edited=\u00a0\u00bbon|phone\u00a0\u00bb admin_label=\u00a0\u00bbAbout Page Header Row\u00a0\u00bb _builder_version=\u00a0\u00bb4.16&Prime; max_width=\u00a0\u00bb100%\u00a0\u00bb custom_padding_tablet=\u00a0\u00bb||0px|\u00a0\u00bb custom_padding_phone=\u00a0\u00bb||0px|\u00a0\u00bb use_custom_width=\u00a0\u00bbon\u00a0\u00bb width_unit=\u00a0\u00bboff\u00a0\u00bb global_colors_info=\u00a0\u00bb{}\u00a0\u00bb][et_pb_column type=\u00a0\u00bb2_3&Prime; module_class=\u00a0\u00bbpa-hover-section\u00a0\u00bb _builder_version=\u00a0\u00bb4.16&Prime; custom_padding=\u00a0\u00bb|||\u00a0\u00bb global_colors_info=\u00a0\u00bb{}\u00a0\u00bb custom_padding__hover=\u00a0\u00bb|||\u00a0\u00bb][et_pb_text admin_label=\u00a0\u00bbAbout Page Subheading\u00a0\u00bb module_class=\u00a0\u00bbpa-subhead-left\u00a0\u00bb _builder_version=\u00a0\u00bb4.17.4&Prime; header_font=\u00a0\u00bb||||||||\u00a0\u00bb header_2_font=\u00a0\u00bb|700||on|||||\u00a0\u00bb header_2_text_align=\u00a0\u00bbcenter\u00a0\u00bb header_2_text_color=\u00a0\u00bb#444444&Prime; header_3_text_color=\u00a0\u00bb#aaaaaa\u00a0\u00bb animation_style=\u00a0\u00bbfold\u00a0\u00bb animation_direction=\u00a0\u00bbbottom\u00a0\u00bb animation_intensity_fold=\u00a0\u00bb15%\u00a0\u00bb header_3_font_size_tablet=\u00a0\u00bb20px\u00a0\u00bb header_3_font_size_phone=\u00a0\u00bb18px\u00a0\u00bb header_3_font_size_last_edited=\u00a0\u00bbon|tablet\u00a0\u00bb global_colors_info=\u00a0\u00bb{}\u00a0\u00bb]<\/p>\n<h3>\u00c0 propos de nous<\/h3>\n<p>[\/et_pb_text][et_pb_text admin_label=\u00a0\u00bbAbout Page Heading\u00a0\u00bb _builder_version=\u00a0\u00bb4.19.4&Prime; header_3_font=\u00a0\u00bb|300|||||||\u00a0\u00bb background_layout=\u00a0\u00bbdark\u00a0\u00bb max_width_last_edited=\u00a0\u00bboff|desktop\u00a0\u00bb animation_style=\u00a0\u00bbfold\u00a0\u00bb animation_direction=\u00a0\u00bbbottom\u00a0\u00bb animation_intensity_fold=\u00a0\u00bb15%\u00a0\u00bb text_font_size_tablet=\u00a0\u00bb20px\u00a0\u00bb text_font_size_phone=\u00a0\u00bb18px\u00a0\u00bb global_colors_info=\u00a0\u00bb{}\u00a0\u00bb]<\/p>\n<h1><strong><span style=\"color: #e30613;\">PRO<\/span>PAPER<\/strong> Service GmbH &amp; Co. KG<\/h1>\n<p>Depuis plus de 10 ans PROPAPER Service est un fabricant, distributeur et interm\u00e9diaire de pi\u00e8ces d\u00e9tach\u00e9es pour l&rsquo;industrie du papier.<\/p>\n<p>[\/et_pb_text][\/et_pb_column][et_pb_column type=\u00a0\u00bb1_3&Prime; _builder_version=\u00a0\u00bb4.16&Prime; custom_padding=\u00a0\u00bb|||\u00a0\u00bb custom_padding_tablet=\u00a0\u00bb30px|||\u00a0\u00bb custom_padding_phone=\u00a0\u00bb20px|||\u00a0\u00bb custom_padding_last_edited=\u00a0\u00bbon|tablet\u00a0\u00bb global_colors_info=\u00a0\u00bb{}\u00a0\u00bb custom_padding__hover=\u00a0\u00bb|||\u00a0\u00bb][\/et_pb_column][\/et_pb_row][\/et_pb_section][et_pb_section fb_built=\u00a0\u00bb1&Prime; _builder_version=\u00a0\u00bb4.16&Prime; global_colors_info=\u00a0\u00bb{}\u00a0\u00bb][et_pb_row column_structure=\u00a0\u00bb1_2,1_2&Prime; make_equal=\u00a0\u00bbon\u00a0\u00bb disabled_on=\u00a0\u00bbon|on|off\u00a0\u00bb _builder_version=\u00a0\u00bb4.19.4&Prime; width_tablet=\u00a0\u00bb\u00a0\u00bb width_phone=\u00a0\u00bb\u00a0\u00bb width_last_edited=\u00a0\u00bbon|phone\u00a0\u00bb max_width=\u00a0\u00bb100%\u00a0\u00bb global_colors_info=\u00a0\u00bb{}\u00a0\u00bb][et_pb_column type=\u00a0\u00bb1_2&Prime; _builder_version=\u00a0\u00bb4.16&Prime; global_colors_info=\u00a0\u00bb{}\u00a0\u00bb][et_pb_text admin_label=\u00a0\u00bbAbout Subheading\u00a0\u00bb module_class=\u00a0\u00bbpa-subhead-left\u00a0\u00bb _builder_version=\u00a0\u00bb4.19.4&Prime; header_font=\u00a0\u00bb||||||||\u00a0\u00bb header_2_font=\u00a0\u00bb|700||on|||||\u00a0\u00bb header_2_text_align=\u00a0\u00bbcenter\u00a0\u00bb header_2_text_color=\u00a0\u00bb#444444&Prime; header_3_text_color=\u00a0\u00bb#7C7B7B\u00a0\u00bb animation_style=\u00a0\u00bbfold\u00a0\u00bb animation_direction=\u00a0\u00bbbottom\u00a0\u00bb animation_intensity_fold=\u00a0\u00bb15%\u00a0\u00bb header_3_font_size_tablet=\u00a0\u00bb\u00a0\u00bb header_3_font_size_phone=\u00a0\u00bb16px\u00a0\u00bb header_3_font_size_last_edited=\u00a0\u00bbon|phone\u00a0\u00bb global_colors_info=\u00a0\u00bb{}\u00a0\u00bb]<\/p>\n<h3>TJARD K\u00d6RFGEN, FONDATEUR ET DIRECTEUR G\u00c9N\u00c9RAL<\/h3>\n<p>[\/et_pb_text][\/et_pb_column][et_pb_column type=\u00a0\u00bb1_2&Prime; _builder_version=\u00a0\u00bb4.17.4&Prime; custom_css_main_element=\u00a0\u00bb\/* Vertikal zentrieren*\/||display: flex;  ||flex-direction: column;  ||justify-content: center; \u00a0\u00bb global_colors_info=\u00a0\u00bb{}\u00a0\u00bb][\/et_pb_column][\/et_pb_row][et_pb_row make_equal=\u00a0\u00bbon\u00a0\u00bb disabled_on=\u00a0\u00bboff|off|on\u00a0\u00bb _builder_version=\u00a0\u00bb4.19.4&Prime; width_tablet=\u00a0\u00bb\u00a0\u00bb width_phone=\u00a0\u00bb\u00a0\u00bb width_last_edited=\u00a0\u00bbon|phone\u00a0\u00bb max_width=\u00a0\u00bb100%\u00a0\u00bb custom_padding=\u00a0\u00bb||7px|||\u00a0\u00bb global_colors_info=\u00a0\u00bb{}\u00a0\u00bb][et_pb_column type=\u00a0\u00bb4_4&Prime; _builder_version=\u00a0\u00bb4.16&Prime; global_colors_info=\u00a0\u00bb{}\u00a0\u00bb][et_pb_text admin_label=\u00a0\u00bbAbout Subheading\u00a0\u00bb module_class=\u00a0\u00bbpa-subhead-left\u00a0\u00bb _builder_version=\u00a0\u00bb4.19.4&Prime; header_font=\u00a0\u00bb||||||||\u00a0\u00bb header_2_font=\u00a0\u00bb|700||on|||||\u00a0\u00bb header_2_text_align=\u00a0\u00bbcenter\u00a0\u00bb header_2_text_color=\u00a0\u00bb#444444&Prime; header_3_text_color=\u00a0\u00bb#7C7B7B\u00a0\u00bb animation_style=\u00a0\u00bbfold\u00a0\u00bb animation_direction=\u00a0\u00bbbottom\u00a0\u00bb animation_intensity_fold=\u00a0\u00bb15%\u00a0\u00bb header_3_font_size_tablet=\u00a0\u00bb\u00a0\u00bb header_3_font_size_phone=\u00a0\u00bb16px\u00a0\u00bb header_3_font_size_last_edited=\u00a0\u00bbon|phone\u00a0\u00bb global_colors_info=\u00a0\u00bb{}\u00a0\u00bb]<\/p>\n<h3>TJARD K\u00d6RFGEN, FONDATEUR ET DIRECTEUR G\u00c9N\u00c9RAL<\/h3>\n<p>[\/et_pb_text][\/et_pb_column][\/et_pb_row][et_pb_row column_structure=\u00a0\u00bb1_3,2_3&Prime; make_equal=\u00a0\u00bbon\u00a0\u00bb _builder_version=\u00a0\u00bb4.17.4&Prime; max_width=\u00a0\u00bb100%\u00a0\u00bb global_colors_info=\u00a0\u00bb{}\u00a0\u00bb][et_pb_column type=\u00a0\u00bb1_3&Prime; _builder_version=\u00a0\u00bb4.16&Prime; global_colors_info=\u00a0\u00bb{}\u00a0\u00bb][et_pb_image src=\u00a0\u00bbhttps:\/\/propaper.de\/wp-content\/uploads\/2022\/03\/ProFoto-05-683&#215;1024-1-e1652680939579.jpeg\u00a0\u00bb title_text=\u00a0\u00bbProFoto 05 683&#215;1024&Prime; module_class=\u00a0\u00bbpa-image-1-1 \u00a0\u00bb _builder_version=\u00a0\u00bb4.19.4&Prime; custom_margin_tablet=\u00a0\u00bb40px||||false|false\u00a0\u00bb custom_margin_phone=\u00a0\u00bb0px||||false|false\u00a0\u00bb custom_margin_last_edited=\u00a0\u00bbon|phone\u00a0\u00bb custom_padding=\u00a0\u00bb||||false|false\u00a0\u00bb custom_padding_tablet=\u00a0\u00bb||||false|false\u00a0\u00bb custom_padding_phone=\u00a0\u00bb0px||||false|false\u00a0\u00bb custom_padding_last_edited=\u00a0\u00bbon|phone\u00a0\u00bb box_shadow_style=\u00a0\u00bbpreset4&Prime; box_shadow_horizontal=\u00a0\u00bb40px\u00a0\u00bb box_shadow_vertical=\u00a0\u00bb40px\u00a0\u00bb box_shadow_color=\u00a0\u00bb#444444&Prime; global_colors_info=\u00a0\u00bb{}\u00a0\u00bb][\/et_pb_image][\/et_pb_column][et_pb_column type=\u00a0\u00bb2_3&Prime; _builder_version=\u00a0\u00bb4.17.4&Prime; custom_css_main_element=\u00a0\u00bb\/* Vertikal zentrieren*\/||display: flex;  ||flex-direction: column;  ||justify-content: center; \u00a0\u00bb global_colors_info=\u00a0\u00bb{}\u00a0\u00bb][et_pb_text admin_label=\u00a0\u00bbAbout Quote\u00a0\u00bb _builder_version=\u00a0\u00bb4.19.4&Prime; text_font=\u00a0\u00bb|600||on|||||\u00a0\u00bb text_text_color=\u00a0\u00bb#7C7B7B\u00a0\u00bb text_font_size=\u00a0\u00bb24px\u00a0\u00bb text_letter_spacing=\u00a0\u00bb1px\u00a0\u00bb text_line_height=\u00a0\u00bb1.5em\u00a0\u00bb header_font=\u00a0\u00bb||||||||\u00a0\u00bb header_text_color=\u00a0\u00bb#e09900&Prime; header_font_size=\u00a0\u00bb200px\u00a0\u00bb header_3_font=\u00a0\u00bb|300|||||||\u00a0\u00bb header_3_text_color=\u00a0\u00bb#ffb600&Prime; header_3_font_size=\u00a0\u00bb200px\u00a0\u00bb header_3_line_height=\u00a0\u00bb0.2em\u00a0\u00bb header_4_font=\u00a0\u00bb|||on|||||\u00a0\u00bb header_4_text_color=\u00a0\u00bb#aaaaaa\u00a0\u00bb header_4_font_size=\u00a0\u00bb24px\u00a0\u00bb header_4_line_height=\u00a0\u00bb2em\u00a0\u00bb custom_margin_tablet=\u00a0\u00bb\u00a0\u00bb custom_margin_phone=\u00a0\u00bb||0px||false|false\u00a0\u00bb custom_margin_last_edited=\u00a0\u00bbon|phone\u00a0\u00bb custom_padding=\u00a0\u00bb60px|10%||10%|false|false\u00a0\u00bb custom_padding_tablet=\u00a0\u00bb60px||60px||true\u00a0\u00bb custom_padding_phone=\u00a0\u00bb50px|0%|0px|0%|false|true\u00a0\u00bb custom_padding_last_edited=\u00a0\u00bbon|phone\u00a0\u00bb animation_style=\u00a0\u00bbfold\u00a0\u00bb animation_direction=\u00a0\u00bbbottom\u00a0\u00bb animation_intensity_fold=\u00a0\u00bb15%\u00a0\u00bb text_font_size_tablet=\u00a0\u00bb32px\u00a0\u00bb custom_css_main_element=\u00a0\u00bb\/* Vertikal zentrieren*\/||display: flex;  ||flex-direction: column;  ||justify-content: center; \u00a0\u00bb global_colors_info=\u00a0\u00bb{}\u00a0\u00bb]<\/p>\n<p>&#8230; A OCCUP\u00c9 DEPUIS 1990 DIFF\u00c9RENTS POSTES CHEZ DES FOURNISSEURS DE MACHINES ET DE PI\u00c8CES D\u00c9TACH\u00c9ES<br \/>POUR L&rsquo;INDUSTRIE DU PAPIER.<\/p>\n<p>[\/et_pb_text][\/et_pb_column][\/et_pb_row][\/et_pb_section][et_pb_section fb_built=\u00a0\u00bb1&Prime; specialty=\u00a0\u00bbon\u00a0\u00bb module_id=\u00a0\u00bbwhy\u00a0\u00bb _builder_version=\u00a0\u00bb4.17.4&Prime; background_color=\u00a0\u00bb#303030&Prime; inner_width=\u00a0\u00bb80%\u00a0\u00bb inner_max_width=\u00a0\u00bb100%\u00a0\u00bb custom_padding=\u00a0\u00bb||150px||false|false\u00a0\u00bb top_divider_style=\u00a0\u00bbasymmetric\u00a0\u00bb top_divider_color=\u00a0\u00bb#303030&Prime; top_divider_height_tablet=\u00a0\u00bb75px\u00a0\u00bb top_divider_height_phone=\u00a0\u00bb60px\u00a0\u00bb top_divider_height_last_edited=\u00a0\u00bbon|phone\u00a0\u00bb bottom_divider_style=\u00a0\u00bbasymmetric\u00a0\u00bb bottom_divider_color=\u00a0\u00bb#E30613&Prime; bottom_divider_height_tablet=\u00a0\u00bb75px\u00a0\u00bb bottom_divider_height_phone=\u00a0\u00bb60px\u00a0\u00bb bottom_divider_height_last_edited=\u00a0\u00bbon|phone\u00a0\u00bb global_colors_info=\u00a0\u00bb{}\u00a0\u00bb width__hover_enabled=\u00a0\u00bboff|desktop\u00a0\u00bb][et_pb_column type=\u00a0\u00bb1_2&Prime; specialty_columns=\u00a0\u00bb2&Prime; _builder_version=\u00a0\u00bb4.16&Prime; custom_padding=\u00a0\u00bb|||\u00a0\u00bb global_colors_info=\u00a0\u00bb{}\u00a0\u00bb custom_padding__hover=\u00a0\u00bb|||\u00a0\u00bb][et_pb_row_inner _builder_version=\u00a0\u00bb4.16&Prime; global_colors_info=\u00a0\u00bb{}\u00a0\u00bb][et_pb_column_inner saved_specialty_column_type=\u00a0\u00bb1_2&Prime; _builder_version=\u00a0\u00bb4.16&Prime; global_colors_info=\u00a0\u00bb{}\u00a0\u00bb][et_pb_text admin_label=\u00a0\u00bbTeam Subheading\u00a0\u00bb module_class=\u00a0\u00bbpa-subhead-left\u00a0\u00bb _builder_version=\u00a0\u00bb4.19.4&Prime; header_font=\u00a0\u00bb||||||||\u00a0\u00bb header_2_font=\u00a0\u00bb|700||on|||||\u00a0\u00bb header_2_text_align=\u00a0\u00bbcenter\u00a0\u00bb header_2_text_color=\u00a0\u00bb#444444&Prime; header_3_text_color=\u00a0\u00bb#aaaaaa\u00a0\u00bb animation_style=\u00a0\u00bbfold\u00a0\u00bb animation_direction=\u00a0\u00bbbottom\u00a0\u00bb animation_intensity_fold=\u00a0\u00bb15%\u00a0\u00bb header_3_font_size_tablet=\u00a0\u00bb\u00a0\u00bb header_3_font_size_phone=\u00a0\u00bb20px\u00a0\u00bb header_3_font_size_last_edited=\u00a0\u00bbon|phone\u00a0\u00bb global_colors_info=\u00a0\u00bb{}\u00a0\u00bb]<\/p>\n<h3>UNE \u00c9QUIPE SOLIDE POUR L&rsquo;INDUSTRIE DU PAPIER<\/h3>\n<p>[\/et_pb_text][et_pb_text disabled_on=\u00a0\u00bbon|on|on\u00a0\u00bb admin_label=\u00a0\u00bbTeam Heading\u00a0\u00bb _builder_version=\u00a0\u00bb4.18.0&Prime; header_font=\u00a0\u00bb||||||||\u00a0\u00bb header_3_font=\u00a0\u00bb|300|||||||\u00a0\u00bb background_layout=\u00a0\u00bbdark\u00a0\u00bb max_width_last_edited=\u00a0\u00bboff|desktop\u00a0\u00bb animation_style=\u00a0\u00bbfold\u00a0\u00bb animation_direction=\u00a0\u00bbbottom\u00a0\u00bb animation_intensity_fold=\u00a0\u00bb15%\u00a0\u00bb disabled=\u00a0\u00bbon\u00a0\u00bb global_colors_info=\u00a0\u00bb{}\u00a0\u00bb]<\/p>\n<h2>Gutes Arbeitsklima <strong>erh\u00f6ht Motivation &amp; Qualit\u00e4t<\/strong><\/h2>\n<p>[\/et_pb_text][\/et_pb_column_inner][\/et_pb_row_inner][et_pb_row_inner column_structure=\u00a0\u00bb1_2,1_2&Prime; _builder_version=\u00a0\u00bb4.16&Prime; global_colors_info=\u00a0\u00bb{}\u00a0\u00bb][et_pb_column_inner type=\u00a0\u00bb1_2&Prime; saved_specialty_column_type=\u00a0\u00bb1_2&Prime; _builder_version=\u00a0\u00bb4.16&Prime; global_colors_info=\u00a0\u00bb{}\u00a0\u00bb][et_pb_number_counter title=\u00a0\u00bbans d&rsquo;exp\u00e9rience\u00a0\u00bb number=\u00a0\u00bb+30&Prime; percent_sign=\u00a0\u00bboff\u00a0\u00bb admin_label=\u00a0\u00bbNumber Counter 1&Prime; module_class=\u00a0\u00bbpa-counter\u00a0\u00bb _builder_version=\u00a0\u00bb4.17.4&Prime; title_font=\u00a0\u00bb||||||||\u00a0\u00bb title_font_size=\u00a0\u00bb24px\u00a0\u00bb title_line_height=\u00a0\u00bb1.3em\u00a0\u00bb number_font=\u00a0\u00bb||||||||\u00a0\u00bb number_text_color=\u00a0\u00bb#E30613&Prime; background_layout=\u00a0\u00bbdark\u00a0\u00bb custom_padding=\u00a0\u00bb48px|20px|48px|20px|true|true\u00a0\u00bb title_font_size_tablet=\u00a0\u00bb20px\u00a0\u00bb title_font_size_phone=\u00a0\u00bb18px\u00a0\u00bb title_font_size_last_edited=\u00a0\u00bbon|desktop\u00a0\u00bb border_width_all=\u00a0\u00bb3px\u00a0\u00bb border_color_all=\u00a0\u00bb#dddddd\u00a0\u00bb global_colors_info=\u00a0\u00bb{}\u00a0\u00bb border_color_all__hover_enabled=\u00a0\u00bbon|hover\u00a0\u00bb border_color_all__hover=\u00a0\u00bb#ffb600&Prime;][\/et_pb_number_counter][\/et_pb_column_inner][et_pb_column_inner type=\u00a0\u00bb1_2&Prime; saved_specialty_column_type=\u00a0\u00bb1_2&Prime; _builder_version=\u00a0\u00bb4.16&Prime; global_colors_info=\u00a0\u00bb{}\u00a0\u00bb][et_pb_number_counter title=\u00a0\u00bbPersonnel motiv\u00e9\u00a0\u00bb number=\u00a0\u00bb+25&Prime; percent_sign=\u00a0\u00bboff\u00a0\u00bb admin_label=\u00a0\u00bbNumber Counter 2&Prime; module_class=\u00a0\u00bbpa-counter\u00a0\u00bb _builder_version=\u00a0\u00bb4.17.4&Prime; title_font=\u00a0\u00bb||||||||\u00a0\u00bb title_font_size=\u00a0\u00bb24px\u00a0\u00bb title_line_height=\u00a0\u00bb1.3em\u00a0\u00bb number_font=\u00a0\u00bb||||||||\u00a0\u00bb number_text_color=\u00a0\u00bb#E30613&Prime; background_layout=\u00a0\u00bbdark\u00a0\u00bb custom_padding=\u00a0\u00bb48px|20px|48px|20px|true|true\u00a0\u00bb title_font_size_tablet=\u00a0\u00bb20px\u00a0\u00bb title_font_size_phone=\u00a0\u00bb18px\u00a0\u00bb title_font_size_last_edited=\u00a0\u00bbon|desktop\u00a0\u00bb border_width_all=\u00a0\u00bb3px\u00a0\u00bb border_color_all=\u00a0\u00bb#dddddd\u00a0\u00bb global_colors_info=\u00a0\u00bb{}\u00a0\u00bb border_color_all__hover=\u00a0\u00bb#ffb600&Prime; border_color_all__hover_enabled=\u00a0\u00bbon|hover\u00a0\u00bb][\/et_pb_number_counter][\/et_pb_column_inner][\/et_pb_row_inner][\/et_pb_column][et_pb_column type=\u00a0\u00bb1_2&Prime; _builder_version=\u00a0\u00bb4.16&Prime; custom_padding=\u00a0\u00bb|||\u00a0\u00bb global_colors_info=\u00a0\u00bb{}\u00a0\u00bb custom_padding__hover=\u00a0\u00bb|||\u00a0\u00bb][et_pb_image src=\u00a0\u00bbhttps:\/\/propaper.de\/wp-content\/uploads\/2022\/03\/Propap055.jpg\u00a0\u00bb title_text=\u00a0\u00bbPropap055&Prime; _builder_version=\u00a0\u00bb4.17.4&Prime; custom_margin=\u00a0\u00bb20px||||false|false\u00a0\u00bb box_shadow_style=\u00a0\u00bbpreset4&Prime; box_shadow_horizontal=\u00a0\u00bb40px\u00a0\u00bb box_shadow_vertical=\u00a0\u00bb-40px\u00a0\u00bb box_shadow_color=\u00a0\u00bb#444444&Prime; global_colors_info=\u00a0\u00bb{}\u00a0\u00bb][\/et_pb_image][\/et_pb_column][\/et_pb_section][et_pb_section fb_built=\u00a0\u00bb1&Prime; fullwidth=\u00a0\u00bbon\u00a0\u00bb _builder_version=\u00a0\u00bb4.18.0&Prime; _module_preset=\u00a0\u00bbdefault\u00a0\u00bb background_color=\u00a0\u00bb#303030&Prime; border_width_top=\u00a0\u00bb4px\u00a0\u00bb border_color_top=\u00a0\u00bb#E30613&Prime; saved_tabs=\u00a0\u00bball\u00a0\u00bb global_colors_info=\u00a0\u00bb{}\u00a0\u00bb][et_pb_fullwidth_portfolio title=\u00a0\u00bbPortfolio\u00a0\u00bb fullwidth=\u00a0\u00bboff\u00a0\u00bb include_categories=\u00a0\u00bb59&Prime; show_date=\u00a0\u00bboff\u00a0\u00bb zoom_icon_color=\u00a0\u00bb#E30613&Prime; hover_overlay_color=\u00a0\u00bbrgba(48,48,48,0.65)\u00a0\u00bb _builder_version=\u00a0\u00bb4.19.4&Prime; _module_preset=\u00a0\u00bbdefault\u00a0\u00bb portfolio_header_text_color=\u00a0\u00bb#FFFFFF\u00a0\u00bb title_text_color=\u00a0\u00bb#FFFFFF\u00a0\u00bb custom_padding=\u00a0\u00bb30px||30px||true|false\u00a0\u00bb border_width_all_image=\u00a0\u00bb1px\u00a0\u00bb border_color_all_image=\u00a0\u00bb#303030&Prime; global_colors_info=\u00a0\u00bb{}\u00a0\u00bb][\/et_pb_fullwidth_portfolio][\/et_pb_section]<\/p>\n","protected":false},"excerpt":{"rendered":"<p>\u00c0 propos de nousPROPAPER Service GmbH &amp; Co. KG Depuis plus de 10 ans PROPAPER Service est un fabricant, distributeur et interm\u00e9diaire de pi\u00e8ces d\u00e9tach\u00e9es pour l&rsquo;industrie du papier.TJARD K\u00d6RFGEN, FONDATEUR ET DIRECTEUR G\u00c9N\u00c9RALTJARD K\u00d6RFGEN, FONDATEUR ET DIRECTEUR G\u00c9N\u00c9RAL&#8230; A OCCUP\u00c9 DEPUIS 1990 DIFF\u00c9RENTS POSTES CHEZ DES FOURNISSEURS DE MACHINES ET DE PI\u00c8CES D\u00c9TACH\u00c9ESPOUR L&rsquo;INDUSTRIE [&hellip;]<\/p>\n","protected":false},"author":1,"featured_media":0,"parent":0,"menu_order":0,"comment_status":"closed","ping_status":"closed","template":"","meta":{"_et_pb_use_builder":"on","_et_pb_old_content":"","_et_gb_content_width":"","footnotes":""},"dipi_cpt_category":[],"class_list":["post-987498916","page","type-page","status-publish","hentry"],"_links":{"self":[{"href":"https:\/\/propaper.de\/fr\/wp-json\/wp\/v2\/pages\/987498916","targetHints":{"allow":["GET"]}}],"collection":[{"href":"https:\/\/propaper.de\/fr\/wp-json\/wp\/v2\/pages"}],"about":[{"href":"https:\/\/propaper.de\/fr\/wp-json\/wp\/v2\/types\/page"}],"author":[{"embeddable":true,"href":"https:\/\/propaper.de\/fr\/wp-json\/wp\/v2\/users\/1"}],"replies":[{"embeddable":true,"href":"https:\/\/propaper.de\/fr\/wp-json\/wp\/v2\/comments?post=987498916"}],"version-history":[{"count":5,"href":"https:\/\/propaper.de\/fr\/wp-json\/wp\/v2\/pages\/987498916\/revisions"}],"predecessor-version":[{"id":987499170,"href":"https:\/\/propaper.de\/fr\/wp-json\/wp\/v2\/pages\/987498916\/revisions\/987499170"}],"wp:attachment":[{"href":"https:\/\/propaper.de\/fr\/wp-json\/wp\/v2\/media?parent=987498916"}],"wp:term":[{"taxonomy":"dipi_cpt_category","embeddable":true,"href":"https:\/\/propaper.de\/fr\/wp-json\/wp\/v2\/dipi_cpt_category?post=987498916"}],"curies":[{"name":"wp","href":"https:\/\/api.w.org\/{rel}","templated":true}]}}