{"id":987498934,"date":"2023-01-18T08:21:47","date_gmt":"2023-01-18T08:21:47","guid":{"rendered":"https:\/\/propaper.de\/impressum\/"},"modified":"2023-02-23T10:25:40","modified_gmt":"2023-02-23T10:25:40","slug":"impressum","status":"publish","type":"page","link":"https:\/\/propaper.de\/fr\/impressum\/","title":{"rendered":"Impressum"},"content":{"rendered":"<p>[et_pb_section fb_built=\u00a0\u00bb1&Prime; _builder_version=\u00a0\u00bb4.16&Prime; custom_padding=\u00a0\u00bb||180px||false|false\u00a0\u00bb bottom_divider_style=\u00a0\u00bbasymmetric\u00a0\u00bb bottom_divider_color=\u00a0\u00bb#444444&Prime; global_colors_info=\u00a0\u00bb{}\u00a0\u00bb][et_pb_row _builder_version=\u00a0\u00bb4.16&Prime; global_colors_info=\u00a0\u00bb{}\u00a0\u00bb][et_pb_column type=\u00a0\u00bb4_4&Prime; _builder_version=\u00a0\u00bb4.16&Prime; global_colors_info=\u00a0\u00bb{}\u00a0\u00bb][et_pb_text _builder_version=\u00a0\u00bb4.19.5&Prime; header_text_color=\u00a0\u00bb#303030&Prime; header_font_size=\u00a0\u00bb40px\u00a0\u00bb header_2_text_color=\u00a0\u00bb#303030&Prime; header_2_font_size=\u00a0\u00bb24px\u00a0\u00bb header_3_font=\u00a0\u00bb|300|||||||\u00a0\u00bb header_3_text_color=\u00a0\u00bb#444444&Prime; global_colors_info=\u00a0\u00bb{}\u00a0\u00bb]<\/p>\n<h1>Impressum<\/h1>\n<h2>Informations selon \u00a7 5 TMG<\/h2>\n<p>PROPAPER Service GmbH &amp; Co. KG<br \/>Buirer Stra\u00dfe 115<br \/>52399 Merzenich<\/p>\n<p><strong>Repr\u00e9sent\u00e9e par :<\/strong><br \/>PROPAPER Service Verwaltungs GmbH<br \/>Tjard K\u00f6rfgen<br \/>Jann K\u00f6rfgen<br \/>Michel K\u00f6rfgen<\/p>\n<p><strong>Cette derni\u00e8re est repr\u00e9sent\u00e9e par :<\/strong><br \/>Tjard K\u00f6rfgen<\/p>\n<p>Registre du commerce : HRA 3467<br \/>Cour de registre : Tribunal d&rsquo;instance de D\u00fcren<\/p>\n<h2>Contact<\/h2>\n<p>T\u00e9l\u00e9phone : +49 2275 369 399 0<br \/>Courrier \u00e9lectronique : info@propaper.de<\/p>\n<h2>Num\u00e9ro d&rsquo;identification de la taxe sur le chiffre d&rsquo;affaires<\/h2>\n<p>Num\u00e9ro d&rsquo;identification de la taxe sur le chiffre d&rsquo;affaires conform\u00e9ment au \u00a7 27 a de la loi sur la taxe sur le chiffre d&rsquo;affaires :<br \/>DE 280987208<\/p>\n<h2>Informations sur l&rsquo;assurance responsabilit\u00e9 civile professionnelle<\/h2>\n<p><strong>Nom et si\u00e8ge de l&rsquo;assureur :<\/strong><br \/>Zurich Insurance plc<br \/>Succursale pour l&rsquo;Allemagne<br \/>Deutzer Allee 1<br \/>50679 Cologne<br \/>T\u00e9l\u00e9phone 0221 7715-7750<br \/>Fax 0221 7715-6666<\/p>\n<p><strong>Territoire de validit\u00e9 de l&rsquo;assurance :<\/strong><br \/>R\u00e9publique f\u00e9d\u00e9rale d&rsquo;Allemagne<\/p>\n<h2>Responsable de la r\u00e9daction<\/h2>\n<p>Tjard K\u00f6rfgen<br \/>Buirer Stra\u00dfe 115<br \/>52399 Merzenich<\/p>\n<h2>R\u00e8glement des litiges de l&rsquo;UE<\/h2>\n<p><strong>La Commission europ\u00e9enne met \u00e0 disposition une plateforme pour le r\u00e8glement en ligne des litiges (OS) :<\/strong> <a href=\"https:\/\/ec.europa.eu\/consumers\/odr\/\">https:\/\/ec.europa.eu\/consumers\/odr\/<\/a>.<br \/>Vous trouverez notre adresse e-mail en haut dans les mentions l\u00e9gales.<\/p>\n<h2>R\u00e8glement des litiges de consommation\/organisme de conciliation universel<\/h2>\n<p>Nous ne sommes pas pr\u00eats ou oblig\u00e9s de participer \u00e0 des proc\u00e9dures de r\u00e8glement des litiges devant un organisme de conciliation des consommateurs.<\/p>\n<p>[\/et_pb_text][\/et_pb_column][\/et_pb_row][et_pb_row column_structure=\u00a0\u00bb1_3,1_3,1_3&Prime; _builder_version=\u00a0\u00bb4.19.4&Prime; _module_preset=\u00a0\u00bbdefault\u00a0\u00bb global_colors_info=\u00a0\u00bb{}\u00a0\u00bb][et_pb_column type=\u00a0\u00bb1_3&Prime; _builder_version=\u00a0\u00bb4.19.4&Prime; _module_preset=\u00a0\u00bbdefault\u00a0\u00bb global_colors_info=\u00a0\u00bb{}\u00a0\u00bb][et_pb_image src=\u00a0\u00bbhttps:\/\/propaper.de\/wp-content\/uploads\/2023\/01\/erecht24-schwarz-impressum-klein.png\u00a0\u00bb title_text=\u00a0\u00bbErecht24 Schwarz Impressum Klein\u00a0\u00bb _builder_version=\u00a0\u00bb4.19.4&Prime; _module_preset=\u00a0\u00bbdefault\u00a0\u00bb global_colors_info=\u00a0\u00bb{}\u00a0\u00bb][\/et_pb_image][\/et_pb_column][et_pb_column type=\u00a0\u00bb1_3&Prime; _builder_version=\u00a0\u00bb4.19.4&Prime; _module_preset=\u00a0\u00bbdefault\u00a0\u00bb global_colors_info=\u00a0\u00bb{}\u00a0\u00bb][et_pb_image src=\u00a0\u00bbhttps:\/\/propaper.de\/wp-content\/uploads\/2023\/01\/erecht24-schwarz-disclaimer-klein.png\u00a0\u00bb title_text=\u00a0\u00bbErecht24 Schwarz Disclaimer Klein\u00a0\u00bb _builder_version=\u00a0\u00bb4.19.4&Prime; _module_preset=\u00a0\u00bbdefault\u00a0\u00bb global_colors_info=\u00a0\u00bb{}\u00a0\u00bb][\/et_pb_image][\/et_pb_column][et_pb_column type=\u00a0\u00bb1_3&Prime; _builder_version=\u00a0\u00bb4.19.4&Prime; _module_preset=\u00a0\u00bbdefault\u00a0\u00bb global_colors_info=\u00a0\u00bb{}\u00a0\u00bb][et_pb_image src=\u00a0\u00bbhttps:\/\/propaper.de\/wp-content\/uploads\/2023\/01\/erecht24-schwarz-datenschutz-klein-1.png\u00a0\u00bb title_text=\u00a0\u00bbErecht24 Schwarz Datenschutz Klein (1)\u00a0\u00bb _builder_version=\u00a0\u00bb4.19.4&Prime; _module_preset=\u00a0\u00bbdefault\u00a0\u00bb global_colors_info=\u00a0\u00bb{}\u00a0\u00bb][\/et_pb_image][\/et_pb_column][\/et_pb_row][\/et_pb_section]<\/p>\n","protected":false},"excerpt":{"rendered":"<p>Impressum Informations selon \u00a7 5 TMG PROPAPER Service GmbH &amp; Co. KGBuirer Stra\u00dfe 11552399 Merzenich Repr\u00e9sent\u00e9e par :PROPAPER Service Verwaltungs GmbHTjard K\u00f6rfgenJann K\u00f6rfgenMichel K\u00f6rfgen Cette derni\u00e8re est repr\u00e9sent\u00e9e par :Tjard K\u00f6rfgen Registre du commerce : HRA 3467Cour de registre : Tribunal d&rsquo;instance de D\u00fcren Contact T\u00e9l\u00e9phone : +49 2275 369 399 0Courrier \u00e9lectronique : info@propaper.de [&hellip;]<\/p>\n","protected":false},"author":1,"featured_media":0,"parent":0,"menu_order":0,"comment_status":"closed","ping_status":"closed","template":"","meta":{"_et_pb_use_builder":"on","_et_pb_old_content":"","_et_gb_content_width":"","footnotes":""},"dipi_cpt_category":[],"class_list":["post-987498934","page","type-page","status-publish","hentry"],"_links":{"self":[{"href":"https:\/\/propaper.de\/fr\/wp-json\/wp\/v2\/pages\/987498934","targetHints":{"allow":["GET"]}}],"collection":[{"href":"https:\/\/propaper.de\/fr\/wp-json\/wp\/v2\/pages"}],"about":[{"href":"https:\/\/propaper.de\/fr\/wp-json\/wp\/v2\/types\/page"}],"author":[{"embeddable":true,"href":"https:\/\/propaper.de\/fr\/wp-json\/wp\/v2\/users\/1"}],"replies":[{"embeddable":true,"href":"https:\/\/propaper.de\/fr\/wp-json\/wp\/v2\/comments?post=987498934"}],"version-history":[{"count":5,"href":"https:\/\/propaper.de\/fr\/wp-json\/wp\/v2\/pages\/987498934\/revisions"}],"predecessor-version":[{"id":987499140,"href":"https:\/\/propaper.de\/fr\/wp-json\/wp\/v2\/pages\/987498934\/revisions\/987499140"}],"wp:attachment":[{"href":"https:\/\/propaper.de\/fr\/wp-json\/wp\/v2\/media?parent=987498934"}],"wp:term":[{"taxonomy":"dipi_cpt_category","embeddable":true,"href":"https:\/\/propaper.de\/fr\/wp-json\/wp\/v2\/dipi_cpt_category?post=987498934"}],"curies":[{"name":"wp","href":"https:\/\/api.w.org\/{rel}","templated":true}]}}